{"id":16,"date":"2024-01-24T08:54:59","date_gmt":"2024-01-24T08:54:59","guid":{"rendered":"https:\/\/maracaycoffee.de\/?page_id=16"},"modified":"2025-05-26T12:16:20","modified_gmt":"2025-05-26T10:16:20","slug":"menu","status":"publish","type":"page","link":"https:\/\/maracaycoffee.de\/index.php\/menu\/","title":{"rendered":"Menu"},"content":{"rendered":"\t\t<div data-elementor-type=\"wp-page\" data-elementor-id=\"16\" class=\"elementor elementor-16\">\n\t\t\t\t\t\t<section class=\"elementor-section elementor-top-section elementor-element elementor-element-32be92c3 elementor-section-full_width elementor-section-height-default elementor-section-height-default\" data-id=\"32be92c3\" data-element_type=\"section\" data-settings=\"{&quot;background_background&quot;:&quot;classic&quot;}\">\n\t\t\t\t\t\t\t<div class=\"elementor-background-overlay\"><\/div>\n\t\t\t\t\t\t\t<div class=\"elementor-container elementor-column-gap-default\">\n\t\t\t\t\t<div class=\"elementor-column elementor-col-100 elementor-top-column elementor-element elementor-element-697ddabd\" data-id=\"697ddabd\" data-element_type=\"column\">\n\t\t\t<div class=\"elementor-widget-wrap elementor-element-populated\">\n\t\t\t\t\t\t<div class=\"elementor-element elementor-element-da2582a elementor-widget elementor-widget-heading\" data-id=\"da2582a\" data-element_type=\"widget\" data-widget_type=\"heading.default\">\n\t\t\t\t<div class=\"elementor-widget-container\">\n\t\t\t<h2 class=\"elementor-heading-title elementor-size-default\">Men\u00fc<\/h2>\t\t<\/div>\n\t\t\t\t<\/div>\n\t\t\t\t<div class=\"elementor-element elementor-element-116b09dc elementor-icon-list--layout-inline elementor-align-center elementor-list-item-link-full_width elementor-widget elementor-widget-icon-list\" data-id=\"116b09dc\" data-element_type=\"widget\" data-widget_type=\"icon-list.default\">\n\t\t\t\t<div class=\"elementor-widget-container\">\n\t\t\t\t\t<ul class=\"elementor-icon-list-items elementor-inline-items\">\n\t\t\t\t\t\t\t<li class=\"elementor-icon-list-item elementor-inline-item\">\n\t\t\t\t\t\t\t\t\t\t<span class=\"elementor-icon-list-text\">Home<\/span>\n\t\t\t\t\t\t\t\t\t<\/li>\n\t\t\t\t\t\t\t\t<li class=\"elementor-icon-list-item elementor-inline-item\">\n\t\t\t\t\t\t\t\t\t\t\t<span class=\"elementor-icon-list-icon\">\n\t\t\t\t\t\t\t<svg aria-hidden=\"true\" class=\"e-font-icon-svg e-fas-chevron-right\" viewBox=\"0 0 320 512\" xmlns=\"http:\/\/www.w3.org\/2000\/svg\"><path d=\"M285.476 272.971L91.132 467.314c-9.373 9.373-24.569 9.373-33.941 0l-22.667-22.667c-9.357-9.357-9.375-24.522-.04-33.901L188.505 256 34.484 101.255c-9.335-9.379-9.317-24.544.04-33.901l22.667-22.667c9.373-9.373 24.569-9.373 33.941 0L285.475 239.03c9.373 9.372 9.373 24.568.001 33.941z\"><\/path><\/svg>\t\t\t\t\t\t<\/span>\n\t\t\t\t\t\t\t\t\t\t<span class=\"elementor-icon-list-text\">Menu<\/span>\n\t\t\t\t\t\t\t\t\t<\/li>\n\t\t\t\t\t\t<\/ul>\n\t\t\t\t<\/div>\n\t\t\t\t<\/div>\n\t\t\t\t\t<\/div>\n\t\t<\/div>\n\t\t\t\t\t<\/div>\n\t\t<\/section>\n\t\t\t\t<section class=\"elementor-section elementor-top-section elementor-element elementor-element-4099f58 elementor-section-boxed elementor-section-height-default elementor-section-height-default\" data-id=\"4099f58\" data-element_type=\"section\">\n\t\t\t\t\t\t<div class=\"elementor-container elementor-column-gap-default\">\n\t\t\t\t\t<div class=\"elementor-column elementor-col-100 elementor-top-column elementor-element elementor-element-d9fd84f\" data-id=\"d9fd84f\" data-element_type=\"column\">\n\t\t\t<div class=\"elementor-widget-wrap elementor-element-populated\">\n\t\t\t\t\t\t<div class=\"elementor-element elementor-element-ec2ee8b elementor-widget elementor-widget-heading\" data-id=\"ec2ee8b\" data-element_type=\"widget\" data-widget_type=\"heading.default\">\n\t\t\t\t<div class=\"elementor-widget-container\">\n\t\t\t<h2 class=\"elementor-heading-title elementor-size-default\">Das Fr\u00fchst\u00fccksangebot ist nur in der Stresemannstra\u00dfe erh\u00e4ltlich<\/h2>\t\t<\/div>\n\t\t\t\t<\/div>\n\t\t\t\t\t<\/div>\n\t\t<\/div>\n\t\t\t\t\t<\/div>\n\t\t<\/section>\n\t\t\t\t<section class=\"elementor-section elementor-top-section elementor-element elementor-element-9dc1ece elementor-section-boxed elementor-section-height-default elementor-section-height-default\" data-id=\"9dc1ece\" data-element_type=\"section\">\n\t\t\t\t\t\t<div class=\"elementor-container elementor-column-gap-default\">\n\t\t\t\t\t<div class=\"elementor-column elementor-col-100 elementor-top-column elementor-element elementor-element-c06b14e\" data-id=\"c06b14e\" data-element_type=\"column\">\n\t\t\t<div class=\"elementor-widget-wrap elementor-element-populated\">\n\t\t\t\t\t\t<div class=\"elementor-element elementor-element-4541d3b elementor-widget elementor-widget-text-editor\" data-id=\"4541d3b\" data-element_type=\"widget\" data-widget_type=\"text-editor.default\">\n\t\t\t\t<div class=\"elementor-widget-container\">\n\t\t\t\t\t\t\t<h2 data-start=\"1633\" data-end=\"1675\">\u2615 <strong data-start=\"1638\" data-end=\"1659\">Maracay Coffee&#8217;s Hot Classics<\/strong><\/h2>\t\t\t\t\t\t<\/div>\n\t\t\t\t<\/div>\n\t\t\t\t\t<\/div>\n\t\t<\/div>\n\t\t\t\t\t<\/div>\n\t\t<\/section>\n\t\t\t\t<section class=\"elementor-section elementor-top-section elementor-element elementor-element-617aad2 elementor-section-boxed elementor-section-height-default elementor-section-height-default\" data-id=\"617aad2\" data-element_type=\"section\">\n\t\t\t\t\t\t<div class=\"elementor-container elementor-column-gap-default\">\n\t\t\t\t\t<div class=\"elementor-column elementor-col-50 elementor-top-column elementor-element elementor-element-948fd6d\" data-id=\"948fd6d\" data-element_type=\"column\">\n\t\t\t<div class=\"elementor-widget-wrap elementor-element-populated\">\n\t\t\t\t\t\t<div class=\"elementor-element elementor-element-e01fd81 elementor-widget elementor-widget-text-editor\" data-id=\"e01fd81\" data-element_type=\"widget\" data-widget_type=\"text-editor.default\">\n\t\t\t\t<div class=\"elementor-widget-container\">\n\t\t\t\t\t\t\t<ul><li data-start=\"1677\" data-end=\"1721\"><p data-start=\"1679\" data-end=\"1721\">Espresso (single \/ doppio \/ Macchiato)<\/p><\/li><li data-start=\"1722\" data-end=\"1756\"><p data-start=\"1724\" data-end=\"1756\">Kaffee \/ Coffee<\/p><\/li><li data-start=\"1722\" data-end=\"1756\"><p data-start=\"1724\" data-end=\"1756\">Americano <\/p><\/li><li data-start=\"1757\" data-end=\"1785\"><p data-start=\"1759\" data-end=\"1785\">Milchkaffee\u00a0<\/p><\/li><li data-start=\"1757\" data-end=\"1785\"><p data-start=\"1759\" data-end=\"1785\">Caf\u00e9 Latte<\/p><\/li><li data-start=\"1786\" data-end=\"1800\"><p data-start=\"1788\" data-end=\"1800\">Cappuccino<\/p><\/li><li data-start=\"1801\" data-end=\"1820\"><p data-start=\"1803\" data-end=\"1820\">Latte Macchiato<\/p><\/li><li data-start=\"1821\" data-end=\"1848\"><p data-start=\"1823\" data-end=\"1848\">Vanilla \/ Caramel Latte<\/p><\/li><li data-start=\"1849\" data-end=\"1863\"><p data-start=\"1851\" data-end=\"1863\">Flat White<\/p><\/li><li data-start=\"1864\" data-end=\"1891\"><p data-start=\"1866\" data-end=\"1891\">Mocca<\/p><\/li><li data-start=\"1892\" data-end=\"1907\"><p data-start=\"1894\" data-end=\"1907\">White Mocca<\/p><\/li><li data-start=\"1908\" data-end=\"1968\"><p data-start=\"1910\" data-end=\"1968\">Hei\u00dfe Schokolade<\/p><\/li><li data-start=\"1908\" data-end=\"1968\"><p data-start=\"1910\" data-end=\"1968\">Wei\u00dfe Schokolade<\/p><\/li><li data-start=\"1969\" data-end=\"2001\"><p data-start=\"1971\" data-end=\"2001\">Chai Latte<\/p><\/li><li data-start=\"2002\" data-end=\"2025\"><p data-start=\"2004\" data-end=\"2025\">Espresso Chai Latte<\/p><\/li><li data-start=\"2026\" data-end=\"2056\"><p data-start=\"2028\" data-end=\"2056\">Matcha Latte <\/p><\/li><li data-start=\"2057\" data-end=\"2111\"><p data-start=\"2059\" data-end=\"2111\">Bulletproof Coffee (Bio-Kaffee + Butter + Kokos\u00f6l)<\/p><\/li><li data-start=\"2112\" data-end=\"2188\"><p data-start=\"2114\" data-end=\"2188\">Alle Kaffeespezialit\u00e4ten auch als <strong data-start=\"2148\" data-end=\"2176\">entkoffeinierte Variante<\/strong> verf\u00fcgbar<\/p><\/li><\/ul>\t\t\t\t\t\t<\/div>\n\t\t\t\t<\/div>\n\t\t\t\t\t<\/div>\n\t\t<\/div>\n\t\t\t\t<div class=\"elementor-column elementor-col-50 elementor-top-column elementor-element elementor-element-b8071cc\" data-id=\"b8071cc\" data-element_type=\"column\">\n\t\t\t<div class=\"elementor-widget-wrap elementor-element-populated\">\n\t\t\t\t\t\t<div class=\"elementor-element elementor-element-e75a0d6 elementor-widget elementor-widget-text-editor\" data-id=\"e75a0d6\" data-element_type=\"widget\" data-widget_type=\"text-editor.default\">\n\t\t\t\t<div class=\"elementor-widget-container\">\n\t\t\t\t\t\t\t<h3 data-start=\"469\" data-end=\"489\"><strong data-start=\"473\" data-end=\"489\">Frische Tees<\/strong><\/h3><ul data-start=\"490\" data-end=\"776\"><li data-start=\"490\" data-end=\"507\"><p data-start=\"492\" data-end=\"507\">Frische Minze<\/p><\/li><li data-start=\"508\" data-end=\"526\"><p data-start=\"510\" data-end=\"526\">Ingwer-Zitrone<\/p><\/li><li data-start=\"527\" data-end=\"542\"><p data-start=\"529\" data-end=\"542\">Orange-Zimt<\/p><\/li><li data-start=\"543\" data-end=\"591\"><p data-start=\"545\" data-end=\"591\">Detox-Erk\u00e4ltungstee (Zitrone, Ingwer, Minze)<\/p><\/li><li data-start=\"592\" data-end=\"776\"><p data-start=\"594\" data-end=\"621\">Althaus\u00ae Premium-Teebeutel:<\/p><ul data-start=\"624\" data-end=\"776\"><li data-start=\"624\" data-end=\"645\"><p data-start=\"626\" data-end=\"645\">English Breakfast<\/p><\/li><li data-start=\"648\" data-end=\"661\"><p data-start=\"650\" data-end=\"661\">Earl Grey<\/p><\/li><li data-start=\"664\" data-end=\"680\"><p data-start=\"666\" data-end=\"680\">Frucht-Berry<\/p><\/li><li data-start=\"683\" data-end=\"694\"><p data-start=\"685\" data-end=\"694\">Kamille<\/p><\/li><li data-start=\"697\" data-end=\"717\"><p data-start=\"699\" data-end=\"717\">Rooibush-Vanille<\/p><\/li><li data-start=\"720\" data-end=\"736\"><p data-start=\"722\" data-end=\"736\">Pfefferminze<\/p><\/li><li data-start=\"739\" data-end=\"759\"><p data-start=\"741\" data-end=\"759\">Persischer Apfel<\/p><\/li><li data-start=\"762\" data-end=\"776\"><p data-start=\"764\" data-end=\"776\">Gr\u00fcner Tee<\/p><\/li><\/ul><\/li><\/ul>\t\t\t\t\t\t<\/div>\n\t\t\t\t<\/div>\n\t\t\t\t\t<\/div>\n\t\t<\/div>\n\t\t\t\t\t<\/div>\n\t\t<\/section>\n\t\t\t\t<section class=\"elementor-section elementor-top-section elementor-element elementor-element-a207d8b elementor-section-boxed elementor-section-height-default elementor-section-height-default\" data-id=\"a207d8b\" data-element_type=\"section\">\n\t\t\t\t\t\t<div class=\"elementor-container elementor-column-gap-default\">\n\t\t\t\t\t<div class=\"elementor-column elementor-col-100 elementor-top-column elementor-element elementor-element-617eb54\" data-id=\"617eb54\" data-element_type=\"column\">\n\t\t\t<div class=\"elementor-widget-wrap elementor-element-populated\">\n\t\t\t\t\t\t<div class=\"elementor-element elementor-element-edfa72b elementor-widget elementor-widget-text-editor\" data-id=\"edfa72b\" data-element_type=\"widget\" data-widget_type=\"text-editor.default\">\n\t\t\t\t<div class=\"elementor-widget-container\">\n\t\t\t\t\t\t\t<h2 data-start=\"783\" data-end=\"818\">\u2744\ufe0f <strong data-start=\"789\" data-end=\"806\">COLD CLASSICS<\/strong> <em data-start=\"807\" data-end=\"818\">(S, M, L)<\/em><\/h2>\t\t\t\t\t\t<\/div>\n\t\t\t\t<\/div>\n\t\t\t\t\t<\/div>\n\t\t<\/div>\n\t\t\t\t\t<\/div>\n\t\t<\/section>\n\t\t\t\t<section class=\"elementor-section elementor-top-section elementor-element elementor-element-1c8e0c0 elementor-section-boxed elementor-section-height-default elementor-section-height-default\" data-id=\"1c8e0c0\" data-element_type=\"section\">\n\t\t\t\t\t\t<div class=\"elementor-container elementor-column-gap-default\">\n\t\t\t\t\t<div class=\"elementor-column elementor-col-100 elementor-top-column elementor-element elementor-element-d2dac36\" data-id=\"d2dac36\" data-element_type=\"column\">\n\t\t\t<div class=\"elementor-widget-wrap elementor-element-populated\">\n\t\t\t\t\t\t<div class=\"elementor-element elementor-element-08f8247 elementor-widget elementor-widget-text-editor\" data-id=\"08f8247\" data-element_type=\"widget\" data-widget_type=\"text-editor.default\">\n\t\t\t\t<div class=\"elementor-widget-container\">\n\t\t\t\t\t\t\t<ul>\n<li data-start=\"820\" data-end=\"853\">\n<p data-start=\"822\" data-end=\"853\">Frisch gepresster Orangensaft<\/p>\n<\/li>\n<li data-start=\"854\" data-end=\"951\">\n<p data-start=\"856\" data-end=\"951\">Gemischte Fruchts\u00e4fte (Orange\/Apfel-Basis + bis zu 5 Zus\u00e4tze: Karotte, Kiwi, Zitrone, Ingwer)<\/p>\n<\/li>\n<li data-start=\"952\" data-end=\"1014\">\n<p data-start=\"954\" data-end=\"1014\">Green-Detox Smoothie (Kiwi, Minze, Orange, Spinat, Banane)<\/p>\n<\/li>\n<li data-start=\"1015\" data-end=\"1071\">\n<p data-start=\"1017\" data-end=\"1071\">Pink-Power Smoothie (Erdbeere, Apfel, Banane, Minze)<\/p>\n<\/li>\n<li data-start=\"1072\" data-end=\"1135\">\n<p data-start=\"1074\" data-end=\"1135\">Iced Strawberry Smoothie (mit Orange, optional mit Joghurt)<\/p>\n<\/li>\n<li data-start=\"1136\" data-end=\"1198\">\n<p data-start=\"1138\" data-end=\"1198\">Iced Americano (<em data-start=\"1154\" data-end=\"1195\">Vanille \/ Karamell \/ Haselnuss optional<\/em>)<\/p>\n<\/li>\n<li data-start=\"1199\" data-end=\"1225\">\n<p data-start=\"1201\" data-end=\"1225\">Iced Espresso (Double)<\/p>\n<\/li>\n<li data-start=\"1226\" data-end=\"1240\">\n<p data-start=\"1228\" data-end=\"1240\">Iced Latte<\/p>\n<\/li>\n<li data-start=\"1241\" data-end=\"1273\">\n<p data-start=\"1243\" data-end=\"1273\">Vegan Coconutmilk Iced Latte<\/p>\n<\/li>\n<li data-start=\"1274\" data-end=\"1323\">\n<p data-start=\"1276\" data-end=\"1323\">Iced Chai Latte (classic \/ spicy \/ chocolate)<\/p>\n<\/li>\n<li data-start=\"1324\" data-end=\"1375\">\n<p data-start=\"1326\" data-end=\"1375\">Iced Matcha (mit pflanzlicher Milch erh\u00e4ltlich)<\/p>\n<\/li>\n<li data-start=\"1376\" data-end=\"1443\">\n<p data-start=\"1378\" data-end=\"1443\">Vegan Strawberry Iced Matcha (Strawberry puree, iced Oatly or Coconutmilk, Matcha)<\/p>\n<\/li>\n<li data-start=\"1444\" data-end=\"1480\">\n<p data-start=\"1446\" data-end=\"1480\">Eiskaffee mit Vanilleeis &amp; Sahne<\/p>\n<\/li>\n<li data-start=\"1481\" data-end=\"1524\">\n<p data-start=\"1483\" data-end=\"1524\">Milkshake (Vanille \/ Erdbeere \/ Banane)<\/p>\n<\/li>\n<li data-start=\"1525\" data-end=\"1565\">\n<p data-start=\"1527\" data-end=\"1565\">Eisschokolade mit Vanilleeis &amp; Sahne<\/p>\n<\/li>\n<li data-start=\"1566\" data-end=\"1626\">\n<p data-start=\"1568\" data-end=\"1626\">Hausgemachter Iced Tea (Pfirsich oder Erdbeere \u2013 saisonal)<\/p>\n<\/li>\n<\/ul>\t\t\t\t\t\t<\/div>\n\t\t\t\t<\/div>\n\t\t\t\t\t<\/div>\n\t\t<\/div>\n\t\t\t\t\t<\/div>\n\t\t<\/section>\n\t\t\t\t<section class=\"elementor-section elementor-top-section elementor-element elementor-element-34635b9 elementor-section-boxed elementor-section-height-default elementor-section-height-default\" data-id=\"34635b9\" data-element_type=\"section\">\n\t\t\t\t\t\t<div class=\"elementor-container elementor-column-gap-default\">\n\t\t\t\t\t<div class=\"elementor-column elementor-col-100 elementor-top-column elementor-element elementor-element-685f268\" data-id=\"685f268\" data-element_type=\"column\">\n\t\t\t<div class=\"elementor-widget-wrap elementor-element-populated\">\n\t\t\t\t\t\t<div class=\"elementor-element elementor-element-6e1041c elementor-widget elementor-widget-text-editor\" data-id=\"6e1041c\" data-element_type=\"widget\" data-widget_type=\"text-editor.default\">\n\t\t\t\t<div class=\"elementor-widget-container\">\n\t\t\t\t\t\t\t<h2>\ud83c\udf7d\ufe0f <strong data-start=\"2441\" data-end=\"2459\">BREAKFAST MENU<\/strong><\/h2>\t\t\t\t\t\t<\/div>\n\t\t\t\t<\/div>\n\t\t\t\t\t<\/div>\n\t\t<\/div>\n\t\t\t\t\t<\/div>\n\t\t<\/section>\n\t\t\t\t<section class=\"elementor-section elementor-top-section elementor-element elementor-element-22bb6dc elementor-section-boxed elementor-section-height-default elementor-section-height-default\" data-id=\"22bb6dc\" data-element_type=\"section\">\n\t\t\t\t\t\t<div class=\"elementor-container elementor-column-gap-default\">\n\t\t\t\t\t<div class=\"elementor-column elementor-col-100 elementor-top-column elementor-element elementor-element-c61ac64\" data-id=\"c61ac64\" data-element_type=\"column\">\n\t\t\t<div class=\"elementor-widget-wrap elementor-element-populated\">\n\t\t\t\t\t\t<div class=\"elementor-element elementor-element-5c26340 elementor-widget elementor-widget-text-editor\" data-id=\"5c26340\" data-element_type=\"widget\" data-widget_type=\"text-editor.default\">\n\t\t\t\t<div class=\"elementor-widget-container\">\n\t\t\t\t\t\t\t<ul data-start=\"2490\" data-end=\"3433\">\n<li data-start=\"2490\" data-end=\"2636\">\n<h3 data-start=\"3440\" data-end=\"3464\">Fr\u00fchst\u00fccksteller<\/h3>\n<\/li>\n<li data-start=\"3466\" data-end=\"3657\">\n<p data-start=\"3468\" data-end=\"3657\"><strong data-start=\"3468\" data-end=\"3500\">Klassischer Fr\u00fchst\u00fccksteller<\/strong><br data-start=\"3500\" data-end=\"3503\">Holland-Gouda, Putenbrust, Putensalami, Sucuk, Camembert, Marmelade, Frischk\u00e4se, Butter, Salatbeilage, Brotkorb<br data-start=\"3621\" data-end=\"3624\">Optional: R\u00fchrei oder Spiegelei<br>(f\u00fcr 1 oder 2 Personen)<\/p>\n<\/li>\n<li data-start=\"3659\" data-end=\"3831\">\n<p data-start=\"3661\" data-end=\"3831\"><strong data-start=\"3661\" data-end=\"3692\">Vegetarisches K\u00e4sefr\u00fchst\u00fcck<\/strong><br data-start=\"3692\" data-end=\"3695\">Gouda, Mozzarella, Camembert, Frischk\u00e4se, Marmelade, Butter, Obst- und Salatbeilage, Brotkorb<br data-start=\"3795\" data-end=\"3798\">Optional: R\u00fchrei oder Spiegelei<br>(f\u00fcr 1 oder 2 Personen)<\/p>\n<\/li>\n<li data-start=\"2490\" data-end=\"2636\">\n<p data-start=\"2492\" data-end=\"2636\"><strong data-start=\"2492\" data-end=\"2521\">Skandinavisches Fr\u00fchst\u00fcck<\/strong><br data-start=\"2521\" data-end=\"2524\">Ger\u00e4ucherter Lachs, R\u00fchrei, Meerrettich, Marmelade, Butter, Salatbeilage, Brotkorb<br data-start=\"2608\" data-end=\"2611\">(f\u00fcr 1 oder 2 Personen)<\/p>\n<\/li>\n<li data-start=\"2638\" data-end=\"2742\">\n<p data-start=\"2640\" data-end=\"2742\"><strong data-start=\"2640\" data-end=\"2683\">Frisch belegtes Br\u00f6tchen oder Croissant<\/strong><br data-start=\"2683\" data-end=\"2686\">Gouda \/ Putensalami \/ Putenbrust \/ Lachs \/ R\u00fchrei<\/p>\n<\/li>\n<li data-start=\"2744\" data-end=\"2816\">\n<p data-start=\"2746\" data-end=\"2816\"><strong data-start=\"2746\" data-end=\"2764\">Belegter Bagel<\/strong><br data-start=\"2764\" data-end=\"2767\">Mozzarella-Tomate \/ Lachs \/ Gouda \/ R\u00fchrei<\/p>\n<\/li>\n<li data-start=\"2818\" data-end=\"2899\">\n<p data-start=\"2820\" data-end=\"2899\"><strong data-start=\"2820\" data-end=\"2846\">Italienisches Focaccia<\/strong><br data-start=\"2846\" data-end=\"2849\">Rucola-K\u00e4se \/ Gem\u00fcse-Mozzarella \/ Thunfisch<\/p>\n<\/li>\n<li data-start=\"2901\" data-end=\"2945\">\n<p data-start=\"2903\" data-end=\"2945\"><strong data-start=\"2903\" data-end=\"2923\">Veganes Br\u00f6tchen<\/strong><br data-start=\"2923\" data-end=\"2926\">Humus &amp; Salat<\/p>\n<\/li>\n<li data-start=\"2947\" data-end=\"3050\">\n<p data-start=\"2949\" data-end=\"3050\"><strong data-start=\"2949\" data-end=\"2970\">M\u00fcsli-Variationen<\/strong><br data-start=\"2970\" data-end=\"2973\">Schokom\u00fcsli (mit Vollmilch oder Joghurt)<br data-start=\"3015\" data-end=\"3018\">Veganes M\u00fcsli (mit Hafermilch)<\/p>\n<\/li>\n\n<li data-start=\"3052\" data-end=\"3219\">\n<p data-start=\"3054\" data-end=\"3219\"><b>Spiegeleier oder R\u00fchrei (auf 1 oder 2 Toasts)<\/b><\/p><\/li><li data-start=\"3052\" data-end=\"3219\"><p data-start=\"3054\" data-end=\"3219\"><b>R\u00fchrei mit Gouda (Zutaten extra: Tomate \/ Putenbrust \/ Zwiebel \/ Sucuk \/ Putensalami)<\/b><\/p><\/li><li data-start=\"3052\" data-end=\"3219\"><p data-start=\"3054\" data-end=\"3219\"><strong>Toasted <\/strong><strong data-start=\"3223\" data-end=\"3249\">Sandwiches <\/strong><br data-start=\"3249\" data-end=\"3252\">Mit K\u00e4se + 3 Zutaten nach Wahl<\/p><\/li>\n<li data-start=\"3328\" data-end=\"3394\">\n<p data-start=\"3330\" data-end=\"3394\"><strong data-start=\"3330\" data-end=\"3357\">Franz\u00f6sisches Fr\u00fchst\u00fcck<\/strong><br data-start=\"3357\" data-end=\"3360\">Croissant mit Marmelade &amp; Butter<\/p>\n<\/li>\n<li data-start=\"3396\" data-end=\"3433\">\n<p data-start=\"3398\" data-end=\"3433\"><strong data-start=\"3398\" data-end=\"3433\">2 Toasts mit Marmelade &amp; Butter<\/strong><\/p>\n<\/li>\n<\/ul>\n<hr data-start=\"3435\" data-end=\"3438\">\n<hr data-start=\"3833\" data-end=\"3836\">\n<h3 data-start=\"3838\" data-end=\"3869\"><strong data-start=\"3842\" data-end=\"3867\">Zus\u00e4tzlich erh\u00e4ltlich<\/strong><\/h3>\n<ul data-start=\"3870\" data-end=\"3953\">\n<li data-start=\"3870\" data-end=\"3902\">\n<p data-start=\"3872\" data-end=\"3902\">Auf Wunsch glutenfreies Brot<\/p>\n<\/li>\n<li data-start=\"3903\" data-end=\"3953\">\n<p data-start=\"3905\" data-end=\"3953\">Hausgemachte Tagessuppen (nur November bis M\u00e4rz)<\/p>\n<\/li>\n<\/ul>\t\t\t\t\t\t<\/div>\n\t\t\t\t<\/div>\n\t\t\t\t\t<\/div>\n\t\t<\/div>\n\t\t\t\t\t<\/div>\n\t\t<\/section>\n\t\t\t\t<\/div>\n\t\t","protected":false},"excerpt":{"rendered":"<p>Men\u00fc Home Menu Das Fr\u00fchst\u00fccksangebot ist nur in der Stresemannstra\u00dfe erh\u00e4ltlich \u2615 Maracay Coffee&#8217;s Hot Classics Espresso (single \/ doppio [&hellip;]<\/p>\n","protected":false},"author":1,"featured_media":0,"parent":0,"menu_order":0,"comment_status":"closed","ping_status":"closed","template":"","meta":{"site-sidebar-layout":"no-sidebar","site-content-layout":"","ast-site-content-layout":"full-width-container","site-content-style":"default","site-sidebar-style":"default","ast-global-header-display":"","ast-banner-title-visibility":"","ast-main-header-display":"","ast-hfb-above-header-display":"","ast-hfb-below-header-display":"","ast-hfb-mobile-header-display":"","site-post-title":"disabled","ast-breadcrumbs-content":"","ast-featured-img":"disabled","footer-sml-layout":"","theme-transparent-header-meta":"","adv-header-id-meta":"","stick-header-meta":"","header-above-stick-meta":"","header-main-stick-meta":"","header-below-stick-meta":"","astra-migrate-meta-layouts":"default","ast-page-background-enabled":"default","ast-page-background-meta":{"desktop":{"background-color":"var(--ast-global-color-4)","background-image":"","background-repeat":"repeat","background-position":"center center","background-size":"auto","background-attachment":"scroll","background-type":"","background-media":"","overlay-type":"","overlay-color":"","overlay-opacity":"","overlay-gradient":""},"tablet":{"background-color":"","background-image":"","background-repeat":"repeat","background-position":"center center","background-size":"auto","background-attachment":"scroll","background-type":"","background-media":"","overlay-type":"","overlay-color":"","overlay-opacity":"","overlay-gradient":""},"mobile":{"background-color":"","background-image":"","background-repeat":"repeat","background-position":"center center","background-size":"auto","background-attachment":"scroll","background-type":"","background-media":"","overlay-type":"","overlay-color":"","overlay-opacity":"","overlay-gradient":""}},"ast-content-background-meta":{"desktop":{"background-color":"var(--ast-global-color-5)","background-image":"","background-repeat":"repeat","background-position":"center center","background-size":"auto","background-attachment":"scroll","background-type":"","background-media":"","overlay-type":"","overlay-color":"","overlay-opacity":"","overlay-gradient":""},"tablet":{"background-color":"var(--ast-global-color-5)","background-image":"","background-repeat":"repeat","background-position":"center center","background-size":"auto","background-attachment":"scroll","background-type":"","background-media":"","overlay-type":"","overlay-color":"","overlay-opacity":"","overlay-gradient":""},"mobile":{"background-color":"var(--ast-global-color-5)","background-image":"","background-repeat":"repeat","background-position":"center center","background-size":"auto","background-attachment":"scroll","background-type":"","background-media":"","overlay-type":"","overlay-color":"","overlay-opacity":"","overlay-gradient":""}},"footnotes":""},"class_list":["post-16","page","type-page","status-publish","hentry"],"_links":{"self":[{"href":"https:\/\/maracaycoffee.de\/index.php\/wp-json\/wp\/v2\/pages\/16","targetHints":{"allow":["GET"]}}],"collection":[{"href":"https:\/\/maracaycoffee.de\/index.php\/wp-json\/wp\/v2\/pages"}],"about":[{"href":"https:\/\/maracaycoffee.de\/index.php\/wp-json\/wp\/v2\/types\/page"}],"author":[{"embeddable":true,"href":"https:\/\/maracaycoffee.de\/index.php\/wp-json\/wp\/v2\/users\/1"}],"replies":[{"embeddable":true,"href":"https:\/\/maracaycoffee.de\/index.php\/wp-json\/wp\/v2\/comments?post=16"}],"version-history":[{"count":10,"href":"https:\/\/maracaycoffee.de\/index.php\/wp-json\/wp\/v2\/pages\/16\/revisions"}],"predecessor-version":[{"id":1461,"href":"https:\/\/maracaycoffee.de\/index.php\/wp-json\/wp\/v2\/pages\/16\/revisions\/1461"}],"wp:attachment":[{"href":"https:\/\/maracaycoffee.de\/index.php\/wp-json\/wp\/v2\/media?parent=16"}],"curies":[{"name":"wp","href":"https:\/\/api.w.org\/{rel}","templated":true}]}}